{"id":108,"date":"2018-01-21T18:22:55","date_gmt":"2018-01-21T18:22:55","guid":{"rendered":"http:\/\/hfvn-ev.de\/?page_id=108"},"modified":"2021-02-18T13:40:10","modified_gmt":"2021-02-18T13:40:10","slug":"impressum","status":"publish","type":"page","link":"https:\/\/hfvn-ev.de\/?page_id=108","title":{"rendered":"Impressum und Datenschutz"},"content":{"rendered":"<h1><span style=\"text-decoration: underline;\">Impressum<\/span><\/h1>\n<p>Angaben gem\u00e4\u00df \u00a7 5 TMG:<\/p>\n<p><strong>Heilige Familie von Nazareth f\u00fcr die Itineranten-Evangelisierung e.V.<\/strong><br><strong>Matthias Steininger<\/strong><br><strong>Zaunk\u00f6nigweg 19a, 12351 Berlin<\/strong><\/p>\n<p>Vertreten durch:<br>Herr Matthias Steininger<\/p>\n<p>Kontakt:<br>E-Mail: <a href=\"mailto:webmaster@symphonie2018.de\">info@hfvn-ev.de<\/a><\/p>\n<p>Amtsgericht Charlottenburg<\/p>\n<p>VR 12241 B<\/p>\n<p><strong>Haftung f\u00fcr Inhalte<\/strong><br>Als Diensteanbieter sind wir gem\u00e4\u00df \u00a7 7 Abs.1 TMG f\u00fcr eigene Inhalte auf diesen Seiten nach den allgemeinen Gesetzen verantwortlich. Nach \u00a7\u00a7 8 bis 10 TMG sind wir als Diensteanbieter jedoch nicht verpflichtet, \u00fcbermittelte oder gespeicherte fremde Informationen zu \u00fcberwachen oder nach Umst\u00e4nden zu forschen, die auf eine rechtswidrige T\u00e4tigkeit hinweisen.<\/p>\n<p>Verpflichtungen zur Entfernung oder Sperrung der Nutzung von Informationen nach den allgemeinen Gesetzen bleiben hiervon unber\u00fchrt. Eine diesbez\u00fcgliche Haftung ist jedoch erst ab dem Zeitpunkt der Kenntnis einer konkreten Rechtsverletzung m\u00f6glich. Bei Bekanntwerden von entsprechenden Rechtsverletzungen werden wir diese Inhalte umgehend entfernen.<\/p>\n<p><strong>Haftung f\u00fcr Links<\/strong><br>Unser Angebot enth\u00e4lt Links zu externen Webseiten Dritter, auf deren Inhalte wir keinen Einfluss haben. Deshalb k\u00f6nnen wir f\u00fcr diese fremden Inhalte auch keine Gew\u00e4hr \u00fcbernehmen. F\u00fcr die Inhalte der verlinkten Seiten ist stets der jeweilige Anbieter oder Betreiber der Seiten verantwortlich. Die verlinkten Seiten wurden zum Zeitpunkt der Verlinkung auf m\u00f6gliche Rechtsverst\u00f6\u00dfe \u00fcberpr\u00fcft. Rechtswidrige Inhalte waren zum Zeitpunkt der Verlinkung nicht erkennbar.<\/p>\n<p>Eine permanente inhaltliche Kontrolle der verlinkten Seiten ist jedoch ohne konkrete Anhaltspunkte einer Rechtsverletzung nicht zumutbar. Bei Bekanntwerden von Rechtsverletzungen werden wir derartige Links umgehend entfernen.<\/p>\n<p><strong>Urheberrecht<\/strong><br>Die durch die Seitenbetreiber erstellten Inhalte und Werke auf diesen Seiten unterliegen dem deutschen Urheberrecht. Die Vervielf\u00e4ltigung, Bearbeitung, Verbreitung und jede Art der Verwertung au\u00dferhalb der Grenzen des Urheberrechtes bed\u00fcrfen der schriftlichen Zustimmung des jeweiligen Autors bzw. Erstellers. Downloads und Kopien dieser Seite sind nur f\u00fcr den privaten, nicht kommerziellen Gebrauch gestattet.<\/p>\n<p>Soweit die Inhalte auf dieser Seite nicht vom Betreiber erstellt wurden, werden die Urheberrechte Dritter beachtet. Insbesondere werden Inhalte Dritter als solche gekennzeichnet. Sollten Sie trotzdem auf eine Urheberrechtsverletzung aufmerksam werden, bitten wir um einen entsprechenden Hinweis. Bei Bekanntwerden von Rechtsverletzungen werden wir derartige Inhalte umgehend entfernen.<\/p>\n<p><\/p>\n<h1><span style=\"text-decoration: underline;\">Datenschutz<\/span><\/h1>\n\n\n<h1 class=\"wp-block-heading\">Allgemeines zur Datenverarbeitung<\/h1>\n\n\n\n<p>Wir verarbeiten personenbezogene Daten unserer Nutzer grunds\u00e4tzlich nur, soweit dies zur Bereitstellung einer funktionsf\u00e4higen Website sowie unserer Inhalte und Leistungen erforderlich ist. Die Verarbeitung personenbezogener Daten unserer Nutzer erfolgt regelm\u00e4\u00dfig nur, wenn die Verarbeitung der Daten durch gesetzliche Vorschriften gestattet ist. Sollte das nicht der Fall sein, verarbeiten wir Ihre personenbezogene Daten nur nach Einholung Ihrer Einwilligung.<\/p>\n\n\n\n<h4 class=\"wp-block-heading\">Verantwortlicher<\/h4>\n\n\n\n<p><strong>Heilige Familie von Nazareth f\u00fcr die Itineranten-Evangelisierung e.V.<\/strong><\/p>\n\n\n\n<p><strong>Matthias Steininger<\/strong><br><strong>Zaunk\u00f6nigweg 19a, 12351 Berlin<\/strong><\/p>\n\n\n\n<p>Vertreten durch:<br>Herr Matthias Steininger<\/p>\n\n\n\n<p>Kontakt:<br>E-Mail:&nbsp;<a>info@hfvn-ev.de<\/a><\/p>\n\n\n\n<h4 class=\"wp-block-heading\">Beschreibung und Umfang der Datenverarbeitung<\/h4>\n\n\n\n<p>Bei jedem Aufruf unserer Internetseite erfasst unser System automatisiert Daten und Informationen vom Computersystem des aufrufenden Rechners.<\/p>\n\n\n\n<p>Folgende Daten werden hierbei erhoben:<\/p>\n\n\n\n<p>(1) Informationen \u00fcber den Browsertyp und die verwendete Version<\/p>\n\n\n\n<p>(2) Das Betriebssystem des Nutzers<\/p>\n\n\n\n<p>(3) Den Internet-Service-Provider des Nutzers<\/p>\n\n\n\n<p>(4) Die IP-Adresse des Nutzers<\/p>\n\n\n\n<p>(5) Datum und Uhrzeit des Zugriffs<\/p>\n\n\n\n<p>(6) Websites, von denen das System des Nutzers auf unsere Internetseite gelangt<\/p>\n\n\n\n<p>Die Daten werden ebenfalls in den Logfiles unseres Systems gespeichert. Eine Speicherung dieser Daten zusammen mit anderen personenbezogenen Daten des Nutzers findet nicht statt.<\/p>\n\n\n\n<h4 class=\"wp-block-heading\">Rechtsgrundlage f\u00fcr die Datenverarbeitung<\/h4>\n\n\n\n<p>Rechtsgrundlage f\u00fcr die vor\u00fcbergehende Speicherung der Daten und der Logfiles ist Art. 6 Abs. 1 lit. f DSGVO. Die Verarbeitung ist zur Wahrung eines berechtigten Interesses unseres Unternehmens erforderlich. Dabei \u00fcberwiegen die Interessen, Grundrechte und Grundfreiheiten des Betroffenen das erstgenannte Interesse nicht.<\/p>\n\n\n\n<h4 class=\"wp-block-heading\">Zweck der Datenverarbeitung<\/h4>\n\n\n\n<p>Die vor\u00fcbergehende Speicherung der IP-Adresse durch das System ist notwendig, um eine Auslieferung der Website an den Rechner des Nutzers zu erm\u00f6glichen. Hierf\u00fcr muss die IP-Adresse des Nutzers f\u00fcr die Dauer der Sitzung gespeichert bleiben.<\/p>\n\n\n\n<p>Die Speicherung in Logfiles erfolgt, um die Funktionsf\u00e4higkeit der Website sicherzustellen. Zudem dienen uns die Daten zur Optimierung der Website und zur Sicherstellung der&nbsp;Sicherheit unserer informationstechnischen Systeme. Eine Auswertung der Daten zu Marketingzwecken findet in diesem Zusammenhang nicht statt.<\/p>\n\n\n\n<p>&nbsp;In diesen Zwecken liegt auch unser berechtigtes Interesse an der Datenverarbeitung nach Art. 6 Abs. 1 lit. f DSGVO.<\/p>\n\n\n\n<h4 class=\"wp-block-heading\">Dauer der Speicherung<\/h4>\n\n\n\n<p>Die Daten werden gel\u00f6scht, sobald sie f\u00fcr die Erreichung des Zweckes ihrer Erhebung nicht mehr erforderlich sind. Im Falle der Erfassung der Daten zur Bereitstellung der Website ist dies der Fall, wenn die jeweilige Sitzung beendet ist.<\/p>\n\n\n\n<p>Im Falle der Speicherung der Daten in Logfiles ist dies nach sp\u00e4testens sieben Tagen der Fall. In diesem Fall werden die IP-Adressen der Nutzer gel\u00f6scht oder verfremdet, sodass eine Zuordnung des aufrufenden Clients nicht mehr m\u00f6glich ist. Eine dar\u00fcberhinausgehende Speicherung ist m\u00f6glich. In diesem Fall werden die IP-Adressen der Nutzer gel\u00f6scht oder verfremdet, sodass eine Zuordnung desaufrufenden Clients nicht mehr m\u00f6glich ist.<\/p>\n\n\n\n<h4 class=\"wp-block-heading\">Widerspruchs- und Beseitigungsm\u00f6glichkeit<\/h4>\n\n\n\n<p>Die Erfassung der Daten zur Bereitstellung der Website und die Speicherung der Daten in Logfiles ist f\u00fcr den Betrieb der Internetseite zwingend erforderlich. Es besteht folglich seitens des Nutzers keine Widerspruchsm\u00f6glichkeit.<\/p>\n\n\n\n<h3 class=\"wp-block-heading\">E-Mail-Kontakt<\/h3>\n\n\n\n<h4 class=\"wp-block-heading\">Beschreibung und Umfang der Datenverarbeitung<\/h4>\n\n\n\n<p>Auf unserer Internetseite besteht die M\u00f6glichkeit der Kontaktaufnahme \u00fcber die bereitgestellte E-Mail-Adresse. In diesem Fall werden die mit der E-Mail \u00fcbermittelten personenbezogenen Daten des Nutzers gespeichert.<\/p>\n\n\n\n<p>Es erfolgt in diesem Zusammenhang keine Weitergabe der Daten an Dritte. Die Daten werden ausschlie\u00dflich f\u00fcr die Verarbeitung der Konversation verwendet.<\/p>\n\n\n\n<h4 class=\"wp-block-heading\">Rechtsgrundlage f\u00fcr die Datenverarbeitung<\/h4>\n\n\n\n<p>Rechtsgrundlage f\u00fcr die Verarbeitung der Daten, die im Zuge einer \u00dcbersendung einer E-Mail \u00fcbermittelt werden, ist Art. 6 Abs. 1 lit. f DSGVO. Zielt der E-Mail-Kontakt auf den Abschluss eines Vertrages ab, so ist zus\u00e4tzliche Rechtsgrundlage f\u00fcr die Verarbeitung Art. 6 Abs. 1 lit. b DSGVO.<\/p>\n\n\n\n<h4 class=\"wp-block-heading\">Zweck der Datenverarbeitung<\/h4>\n\n\n\n<p>Die Verarbeitung der personenbezogenen Daten dient uns allein zur Bearbeitung der Kontaktaufnahme. Im Falle einer Kontaktaufnahme per E-Mail liegt hieran auch das erforderliche berechtigte Interesse an der Verarbeitung der Daten.<\/p>\n\n\n\n<h4 class=\"wp-block-heading\">Dauer der Speicherung<\/h4>\n\n\n\n<p>Die Daten werden gel\u00f6scht, sobald sie f\u00fcr die Erreichung des Zweckes ihrer Erhebung nicht mehr erforderlich sind. F\u00fcr die personenbezogenen Daten, die per E-Mail \u00fcbersandt wurden, ist dies dann der Fall, wenn die jeweilige Konversation mit dem Nutzer beendet ist. Beendet ist die Konversation dann, wenn sich aus den Umst\u00e4nden entnehmen l\u00e4sst, dass der betroffene Sachverhalt abschlie\u00dfend gekl\u00e4rt ist.<\/p>\n\n\n\n<p>Die w\u00e4hrend des Absendevorgangs zus\u00e4tzlich erhobenen personenbezogenen Daten werden sp\u00e4testens nach einer Frist von sieben Tagen gel\u00f6scht.<\/p>\n\n\n\n<h4 class=\"wp-block-heading\">Widerspruchs- und Beseitigungsm\u00f6glichkeit<\/h4>\n\n\n\n<p>Nimmt der Nutzer per E-Mail Kontakt mit uns auf, so kann er der Speicherung seiner personenbezogenen Daten jederzeit widersprechen. In einem solchen Fall kann die Konversation nicht fortgef\u00fchrt werden.<\/p>\n\n\n\n<p>Alle personenbezogenen Daten, die im Zuge der Kontaktaufnahme gespeichert wurden, werden in diesem Fall gel\u00f6scht.<\/p>\n\n\n\n<h4 class=\"wp-block-heading\">Rechte der betroffenen Person<\/h4>\n\n\n\n<p>Nach der Datenschutz-Grundverordnung stehen Ihnen folgende Rechte zu:<br>Werden Ihre personenbezogenen Daten verarbeitet, so haben Sie das Recht, Auskunft \u00fcber die zu Ihrer Person gespeicherten Daten zu erhalten (Art. 15 DSGVO).<\/p>\n\n\n\n<p>Sollten unrichtige personenbezogene Daten verarbeitet werden, steht Ihnen ein Recht auf Berichtigung zu (Art. 16 DSGVO).<\/p>\n\n\n\n<p>Liegen die gesetzlichen Voraussetzungen vor, so k\u00f6nnen Sie die L\u00f6schung oder Einschr\u00e4nkung der Verarbeitung verlangen sowie Widerspruch gegen die Verarbeitung einlegen (Art. 17, 18 und 21 DSGVO).<\/p>\n\n\n\n<p>Wenn Sie in die Datenverarbeitung eingewilligt haben oder ein Vertrag zur Datenverarbeitung besteht und die Datenverarbeitung mithilfe automatisierter Verfahren durchgef\u00fchrt wird, steht Ihnen gegebenenfalls ein Recht auf Daten\u00fcbertragbarkeit zu (Art. 20 DSGVO).<\/p>\n\n\n\n<p>Sollten Sie von Ihren oben genannten Rechten Gebrauch machen, pr\u00fcft der Verantwortliche, ob die gesetzlichen Voraussetzungen hierf\u00fcr erf\u00fcllt sind.<\/p>\n\n\n\n<p>Weiterhin besteht ein Beschwerderecht bei einer Aufsichtsbeh\u00f6rde. Die f\u00fcr uns zust\u00e4ndige Aufsichtsbeh\u00f6rde ist die Berliner Beauftragte f\u00fcr Datenschutz und Informationsfreiheit<\/p>\n\n\n\n<p>Maja Smoltczyk<br>Friedrichstr. 219<br>10969 Berlin<br>Tel.: +49 (0)30 13889-0<br>Fax: +49 (0)30 2155050<br>E-Mail: mailbox@datenschutz-berlin.de<\/p>\n","protected":false},"excerpt":{"rendered":"<p>Impressum Angaben gem\u00e4\u00df \u00a7 5 TMG: Heilige Familie von Nazareth f\u00fcr die Itineranten-Evangelisierung e.V.Matthias SteiningerZaunk\u00f6nigweg 19a, 12351 Berlin Vertreten durch:Herr Matthias Steininger Kontakt:E-Mail: info@hfvn-ev.de Amtsgericht Charlottenburg VR 12241 B Haftung f\u00fcr InhalteAls Diensteanbieter sind wir gem\u00e4\u00df \u00a7 7 Abs.1 TMG f\u00fcr eigene Inhalte auf diesen Seiten nach den allgemeinen Gesetzen verantwortlich. Nach \u00a7\u00a7 8 bis [&hellip;]<\/p>\n","protected":false},"author":3,"featured_media":0,"parent":0,"menu_order":0,"comment_status":"closed","ping_status":"closed","template":"","meta":{"footnotes":""},"class_list":["post-108","page","type-page","status-publish","hentry"],"_links":{"self":[{"href":"https:\/\/hfvn-ev.de\/index.php?rest_route=\/wp\/v2\/pages\/108","targetHints":{"allow":["GET"]}}],"collection":[{"href":"https:\/\/hfvn-ev.de\/index.php?rest_route=\/wp\/v2\/pages"}],"about":[{"href":"https:\/\/hfvn-ev.de\/index.php?rest_route=\/wp\/v2\/types\/page"}],"author":[{"embeddable":true,"href":"https:\/\/hfvn-ev.de\/index.php?rest_route=\/wp\/v2\/users\/3"}],"replies":[{"embeddable":true,"href":"https:\/\/hfvn-ev.de\/index.php?rest_route=%2Fwp%2Fv2%2Fcomments&post=108"}],"version-history":[{"count":9,"href":"https:\/\/hfvn-ev.de\/index.php?rest_route=\/wp\/v2\/pages\/108\/revisions"}],"predecessor-version":[{"id":203,"href":"https:\/\/hfvn-ev.de\/index.php?rest_route=\/wp\/v2\/pages\/108\/revisions\/203"}],"wp:attachment":[{"href":"https:\/\/hfvn-ev.de\/index.php?rest_route=%2Fwp%2Fv2%2Fmedia&parent=108"}],"curies":[{"name":"wp","href":"https:\/\/api.w.org\/{rel}","templated":true}]}}